{"id":93,"date":"2020-12-20T11:36:34","date_gmt":"2020-12-20T10:36:34","guid":{"rendered":"http:\/\/demo.woothemes.com\/woocommerce\/?post_type=product&#038;p=93"},"modified":"2025-12-07T16:53:41","modified_gmt":"2025-12-07T15:53:41","slug":"aromica-z-etericnim-oljem","status":"publish","type":"product","link":"https:\/\/aromica.si\/en\/product\/aromica-z-etericnim-oljem\/","title":{"rendered":"Aromica with Blend Blooming Meadow"},"content":{"rendered":"<p>Aromica is a natural and sustainable product, made from natural materials and washable at 30\u00b0C. Inside the small pouch are fibers from the kapok tree. Simply add a few drops of the included <a href=\"https:\/\/aromica.si\/en\/product\/etericno-olje-cvetoci-travnik\/\">natural essential oil Blooming Meadow,<\/a> to Aromica and enjoy the scent. Aromica is compact, making it convenient to take anywhere. Use the handmade clip to hang it in your closet, office, or car. When the scent fades, unlike other fragrances, don't throw it away\u2014just add more essential oil of your choice. You can learn more about the Blooming Meadow essential oil on our <a href=\"https:\/\/aromica.si\/en\/bogati-svet-etericnih-olj\/\" target=\"_blank\" rel=\"noopener\">blog<\/a>!<\/p>\n<h4><strong>What can Aromica do?<\/strong><\/h4>\n<p>Aromica is your personal scented companion. It will lull you to sleep, scent your wardrobe, and accompany you on car journeys. With your chosen fragrance, it will enhance moments that are just for you. Key advantage lies in its individuality and adaptability. The aroma of essential oils can lift your mood or calm you down, depending on what you need in the moment.<\/p>\n<h4><strong>What can\u2019t Aromica do?<\/strong><\/h4>\n<p>Aromica is not meant to mask massive unpleasant odors, nor can it scent large spaces. It\u2019s not as usual <a href=\"https:\/\/aromica.si\/en\/klasicni-osvezilci-zraka-ali-so-varni\/\">air freshener<\/a>it's your unique fragrant companion.<\/p>","protected":false},"excerpt":{"rendered":"<p>Aromica is your personal, eco-friendly, sustainable, and Slovenian fragrant companion. With natural essential oil, Aromica brings the scent of nature into your home, car, office... creating a better and more fragrant day.<\/p>","protected":false},"featured_media":287,"comment_status":"open","ping_status":"closed","template":"","meta":{"spay_email":""},"product_cat":[21],"product_tag":[],"yoast_head":"<!-- This site is optimized with the Yoast SEO plugin v18.1 - https:\/\/yoast.com\/wordpress\/plugins\/seo\/ -->\n<title>Aromica z naravnim eteri\u010dnim oljem - Aromica<\/title>\n<meta name=\"description\" content=\"Aromica z naravnim eteri\u010dnim oljem je tvoja osebna di\u0161e\u010da spremljevalka. Vonj narave za v dom, avto, pisarno... in lep\u0161i ter di\u0161e\u010di dan.\" \/>\n<meta name=\"robots\" content=\"index, follow, max-snippet:-1, max-image-preview:large, max-video-preview:-1\" \/>\n<link rel=\"canonical\" href=\"https:\/\/aromica.si\/en\/product\/aromica-z-etericnim-oljem\/\" \/>\n<meta property=\"og:locale\" content=\"en_US\" \/>\n<meta property=\"og:type\" content=\"article\" \/>\n<meta property=\"og:title\" content=\"Aromica z naravnim eteri\u010dnim oljem - Aromica\" \/>\n<meta property=\"og:description\" content=\"Aromica z naravnim eteri\u010dnim oljem je tvoja osebna di\u0161e\u010da spremljevalka. Vonj narave za v dom, avto, pisarno... in lep\u0161i ter di\u0161e\u010di dan.\" \/>\n<meta property=\"og:url\" content=\"https:\/\/aromica.si\/en\/product\/aromica-z-etericnim-oljem\/\" \/>\n<meta property=\"og:site_name\" content=\"Aromica\" \/>\n<meta property=\"article:publisher\" content=\"https:\/\/www.facebook.com\/aromica.si\" \/>\n<meta property=\"article:modified_time\" content=\"2025-12-07T15:53:41+00:00\" \/>\n<meta property=\"og:image\" content=\"https:\/\/aromica.si\/wp-content\/uploads\/2013\/06\/Aromica-prva-stran.jpg\" \/>\n\t<meta property=\"og:image:width\" content=\"1000\" \/>\n\t<meta property=\"og:image:height\" content=\"1000\" \/>\n\t<meta property=\"og:image:type\" content=\"image\/jpeg\" \/>\n<meta name=\"twitter:card\" content=\"summary_large_image\" \/>\n<meta name=\"twitter:label1\" content=\"Est. reading time\" \/>\n\t<meta name=\"twitter:data1\" content=\"1 minute\" \/>\n<script type=\"application\/ld+json\" class=\"yoast-schema-graph\">{\"@context\":\"https:\/\/schema.org\",\"@graph\":[{\"@type\":\"Organization\",\"@id\":\"https:\/\/aromica.si\/#organization\",\"name\":\"Aromica\",\"url\":\"https:\/\/aromica.si\/\",\"sameAs\":[\"https:\/\/www.facebook.com\/aromica.si\",\"https:\/\/www.instagram.com\/aromica.si\/\"],\"logo\":{\"@type\":\"ImageObject\",\"@id\":\"https:\/\/aromica.si\/#logo\",\"inLanguage\":\"en-US\",\"url\":\"https:\/\/aromica.si\/wp-content\/uploads\/2020\/12\/Logo-450px.png\",\"contentUrl\":\"https:\/\/aromica.si\/wp-content\/uploads\/2020\/12\/Logo-450px.png\",\"width\":450,\"height\":50,\"caption\":\"Aromica\"},\"image\":{\"@id\":\"https:\/\/aromica.si\/#logo\"}},{\"@type\":\"WebSite\",\"@id\":\"https:\/\/aromica.si\/#website\",\"url\":\"https:\/\/aromica.si\/\",\"name\":\"Aromica\",\"description\":\"Aromica\",\"publisher\":{\"@id\":\"https:\/\/aromica.si\/#organization\"},\"potentialAction\":[{\"@type\":\"SearchAction\",\"target\":{\"@type\":\"EntryPoint\",\"urlTemplate\":\"https:\/\/aromica.si\/?s={search_term_string}\"},\"query-input\":\"required name=search_term_string\"}],\"inLanguage\":\"en-US\"},{\"@type\":\"ImageObject\",\"@id\":\"https:\/\/aromica.si\/product\/aromica-z-etericnim-oljem\/#primaryimage\",\"inLanguage\":\"en-US\",\"url\":\"https:\/\/aromica.si\/wp-content\/uploads\/2013\/06\/Aromica-prva-stran.jpg\",\"contentUrl\":\"https:\/\/aromica.si\/wp-content\/uploads\/2013\/06\/Aromica-prva-stran.jpg\",\"width\":1000,\"height\":1000},{\"@type\":\"WebPage\",\"@id\":\"https:\/\/aromica.si\/product\/aromica-z-etericnim-oljem\/#webpage\",\"url\":\"https:\/\/aromica.si\/product\/aromica-z-etericnim-oljem\/\",\"name\":\"Aromica z naravnim eteri\u010dnim oljem - Aromica\",\"isPartOf\":{\"@id\":\"https:\/\/aromica.si\/#website\"},\"primaryImageOfPage\":{\"@id\":\"https:\/\/aromica.si\/product\/aromica-z-etericnim-oljem\/#primaryimage\"},\"datePublished\":\"2020-12-20T10:36:34+00:00\",\"dateModified\":\"2025-12-07T15:53:41+00:00\",\"description\":\"Aromica z naravnim eteri\u010dnim oljem je tvoja osebna di\u0161e\u010da spremljevalka. Vonj narave za v dom, avto, pisarno... in lep\u0161i ter di\u0161e\u010di dan.\",\"breadcrumb\":{\"@id\":\"https:\/\/aromica.si\/product\/aromica-z-etericnim-oljem\/#breadcrumb\"},\"inLanguage\":\"en-US\",\"potentialAction\":[{\"@type\":\"ReadAction\",\"target\":[\"https:\/\/aromica.si\/product\/aromica-z-etericnim-oljem\/\"]}]},{\"@type\":\"BreadcrumbList\",\"@id\":\"https:\/\/aromica.si\/product\/aromica-z-etericnim-oljem\/#breadcrumb\",\"itemListElement\":[{\"@type\":\"ListItem\",\"position\":1,\"name\":\"Home\",\"item\":\"https:\/\/aromica.si\/\"},{\"@type\":\"ListItem\",\"position\":2,\"name\":\"Trgovina\",\"item\":\"https:\/\/aromica.si\/trgovina\/\"},{\"@type\":\"ListItem\",\"position\":3,\"name\":\"Aromica z eteri\u010dnim oljem Cveto\u010di travnik\"}]}]}<\/script>\n<!-- \/ Yoast SEO plugin. -->","yoast_head_json":{"title":"Aromica z naravnim eteri\u010dnim oljem - Aromica","description":"Aromica z naravnim eteri\u010dnim oljem je tvoja osebna di\u0161e\u010da spremljevalka. Vonj narave za v dom, avto, pisarno... in lep\u0161i ter di\u0161e\u010di dan.","robots":{"index":"index","follow":"follow","max-snippet":"max-snippet:-1","max-image-preview":"max-image-preview:large","max-video-preview":"max-video-preview:-1"},"canonical":"https:\/\/aromica.si\/en\/product\/aromica-z-etericnim-oljem\/","og_locale":"en_US","og_type":"article","og_title":"Aromica z naravnim eteri\u010dnim oljem - Aromica","og_description":"Aromica z naravnim eteri\u010dnim oljem je tvoja osebna di\u0161e\u010da spremljevalka. Vonj narave za v dom, avto, pisarno... in lep\u0161i ter di\u0161e\u010di dan.","og_url":"https:\/\/aromica.si\/en\/product\/aromica-z-etericnim-oljem\/","og_site_name":"Aromica","article_publisher":"https:\/\/www.facebook.com\/aromica.si","article_modified_time":"2025-12-07T15:53:41+00:00","og_image":[{"width":1000,"height":1000,"url":"https:\/\/aromica.si\/wp-content\/uploads\/2013\/06\/Aromica-prva-stran.jpg","type":"image\/jpeg"}],"twitter_card":"summary_large_image","twitter_misc":{"Est. reading time":"1 minute"},"schema":{"@context":"https:\/\/schema.org","@graph":[{"@type":"Organization","@id":"https:\/\/aromica.si\/#organization","name":"Aromica","url":"https:\/\/aromica.si\/","sameAs":["https:\/\/www.facebook.com\/aromica.si","https:\/\/www.instagram.com\/aromica.si\/"],"logo":{"@type":"ImageObject","@id":"https:\/\/aromica.si\/#logo","inLanguage":"en-US","url":"https:\/\/aromica.si\/wp-content\/uploads\/2020\/12\/Logo-450px.png","contentUrl":"https:\/\/aromica.si\/wp-content\/uploads\/2020\/12\/Logo-450px.png","width":450,"height":50,"caption":"Aromica"},"image":{"@id":"https:\/\/aromica.si\/#logo"}},{"@type":"WebSite","@id":"https:\/\/aromica.si\/#website","url":"https:\/\/aromica.si\/","name":"Aromica","description":"Aromica","publisher":{"@id":"https:\/\/aromica.si\/#organization"},"potentialAction":[{"@type":"SearchAction","target":{"@type":"EntryPoint","urlTemplate":"https:\/\/aromica.si\/?s={search_term_string}"},"query-input":"required name=search_term_string"}],"inLanguage":"en-US"},{"@type":"ImageObject","@id":"https:\/\/aromica.si\/product\/aromica-z-etericnim-oljem\/#primaryimage","inLanguage":"en-US","url":"https:\/\/aromica.si\/wp-content\/uploads\/2013\/06\/Aromica-prva-stran.jpg","contentUrl":"https:\/\/aromica.si\/wp-content\/uploads\/2013\/06\/Aromica-prva-stran.jpg","width":1000,"height":1000},{"@type":"WebPage","@id":"https:\/\/aromica.si\/product\/aromica-z-etericnim-oljem\/#webpage","url":"https:\/\/aromica.si\/product\/aromica-z-etericnim-oljem\/","name":"Aromica z naravnim eteri\u010dnim oljem - Aromica","isPartOf":{"@id":"https:\/\/aromica.si\/#website"},"primaryImageOfPage":{"@id":"https:\/\/aromica.si\/product\/aromica-z-etericnim-oljem\/#primaryimage"},"datePublished":"2020-12-20T10:36:34+00:00","dateModified":"2025-12-07T15:53:41+00:00","description":"Aromica z naravnim eteri\u010dnim oljem je tvoja osebna di\u0161e\u010da spremljevalka. Vonj narave za v dom, avto, pisarno... in lep\u0161i ter di\u0161e\u010di dan.","breadcrumb":{"@id":"https:\/\/aromica.si\/product\/aromica-z-etericnim-oljem\/#breadcrumb"},"inLanguage":"en-US","potentialAction":[{"@type":"ReadAction","target":["https:\/\/aromica.si\/product\/aromica-z-etericnim-oljem\/"]}]},{"@type":"BreadcrumbList","@id":"https:\/\/aromica.si\/product\/aromica-z-etericnim-oljem\/#breadcrumb","itemListElement":[{"@type":"ListItem","position":1,"name":"Home","item":"https:\/\/aromica.si\/"},{"@type":"ListItem","position":2,"name":"Trgovina","item":"https:\/\/aromica.si\/trgovina\/"},{"@type":"ListItem","position":3,"name":"Aromica z eteri\u010dnim oljem Cveto\u010di travnik"}]}]}},"_links":{"self":[{"href":"https:\/\/aromica.si\/en\/wp-json\/wp\/v2\/product\/93"}],"collection":[{"href":"https:\/\/aromica.si\/en\/wp-json\/wp\/v2\/product"}],"about":[{"href":"https:\/\/aromica.si\/en\/wp-json\/wp\/v2\/types\/product"}],"replies":[{"embeddable":true,"href":"https:\/\/aromica.si\/en\/wp-json\/wp\/v2\/comments?post=93"}],"wp:featuredmedia":[{"embeddable":true,"href":"https:\/\/aromica.si\/en\/wp-json\/wp\/v2\/media\/287"}],"wp:attachment":[{"href":"https:\/\/aromica.si\/en\/wp-json\/wp\/v2\/media?parent=93"}],"wp:term":[{"taxonomy":"product_cat","embeddable":true,"href":"https:\/\/aromica.si\/en\/wp-json\/wp\/v2\/product_cat?post=93"},{"taxonomy":"product_tag","embeddable":true,"href":"https:\/\/aromica.si\/en\/wp-json\/wp\/v2\/product_tag?post=93"}],"curies":[{"name":"wp","href":"https:\/\/api.w.org\/{rel}","templated":true}]}}